{"id":1635,"date":"2017-01-03T18:15:34","date_gmt":"2017-01-03T18:15:34","guid":{"rendered":"http:\/\/skunck.dyndns.org\/?page_id=1635"},"modified":"2017-01-04T10:01:21","modified_gmt":"2017-01-04T10:01:21","slug":"1635-2","status":"publish","type":"page","link":"http:\/\/skunck.se\/?page_id=1635","title":{"rendered":"Forum"},"content":{"rendered":"\n<div id=\"bbpress-forums\" class=\"bbpress-wrapper\">\n\n\t\n\t<div class=\"bbp-search-form\">\n\t\t<form role=\"search\" method=\"get\" id=\"bbp-search-form\">\n\t\t\t<div>\n\t\t\t\t<label class=\"screen-reader-text hidden\" for=\"bbp_search\">S\u00f6k efter:<\/label>\n\t\t\t\t<input type=\"hidden\" name=\"action\" value=\"bbp-search-request\" \/>\n\t\t\t\t<input type=\"text\" value=\"\" name=\"bbp_search\" id=\"bbp_search\" \/>\n\t\t\t\t<input class=\"button\" type=\"submit\" id=\"bbp_search_submit\" value=\"S\u00f6k\" \/>\n\t\t\t<\/div>\n\t\t<\/form>\n\t<\/div>\n\n\n\t<div class=\"bbp-breadcrumb\"><p><a href=\"http:\/\/skunck.se\" class=\"bbp-breadcrumb-home\">Hem<\/a> <span class=\"bbp-breadcrumb-sep\">&rsaquo;<\/span> <span class=\"bbp-breadcrumb-current\">Forum<\/span><\/p><\/div>\n\t\n\t\n\t\n\t\t\n<ul id=\"forums-list-0\" class=\"bbp-forums\">\n\n\t<li class=\"bbp-header\">\n\n\t\t<ul class=\"forum-titles\">\n\t\t\t<li class=\"bbp-forum-info\">Forum<\/li>\n\t\t\t<li class=\"bbp-forum-topic-count\">\u00c4mnen<\/li>\n\t\t\t<li class=\"bbp-forum-reply-count\">Inl\u00e4gg<\/li>\n\t\t\t<li class=\"bbp-forum-freshness\">Senaste inl\u00e4gg<\/li>\n\t\t<\/ul>\n\n\t<\/li><!-- .bbp-header -->\n\n\t<li class=\"bbp-body\">\n\n\t\t\n\t\t\t\n<ul id=\"bbp-forum-2018\" class=\"loop-item-0 bbp-forum-status-open bbp-forum-visibility-publish odd  post-2018 forum type-forum status-publish hentry\">\n\t<li class=\"bbp-forum-info\">\n\n\t\t\n\t\t\n\t\t<a class=\"bbp-forum-title\" href=\"http:\/\/skunck.se\/?forum=quake-champions\">Quake Champions<\/a>\n\n\t\t\n\t\t\n\t\t<div class=\"bbp-forum-content\"><a href=\"http:\/\/skunck.dyndns.org\/wp-content\/uploads\/2017\/05\/quake_champions.png\"><img loading=\"lazy\" decoding=\"async\" class=\"alignnone wp-image-2019\" src=\"http:\/\/skunck.dyndns.org\/wp-content\/uploads\/2017\/05\/quake_champions.png\" alt=\"\" width=\"100\" height=\"100\"><\/a><\/div>\n\n\t\t\n\t\t\n\t\t\n\t\t\n\t\t\n\t<\/li>\n\n\t<li class=\"bbp-forum-topic-count\">2<\/li>\n\n\t<li class=\"bbp-forum-reply-count\">4<\/li>\n\n\t<li class=\"bbp-forum-freshness\">\n\n\t\t\n\t\t<a href=\"http:\/\/skunck.se\/?post_type=topic&#038;p=2956\" title=\"Buy cialis in pakistan &#8211; 255983\">f\u00f6r 7 \u00e5r, 2 m\u00e5nader sedan<\/a>\n\t\t\n\t\t<p class=\"bbp-topic-meta\">\n\n\t\t\t\n\t\t\t<span class=\"bbp-topic-freshness-author\"><span  class=\"bbp-author-avatar\"><img alt='' src='http:\/\/skunck.se\/wp-content\/uploads\/2017\/04\/FunAvatar.gif' srcset='http:\/\/skunck.se\/wp-content\/uploads\/2017\/04\/FunAvatar.gif 2x' class='avatar avatar-14 photo' height='14' width='14' \/><\/span><span  class=\"bbp-author-name\">Anonym<\/span><\/span>\n\n\t\t\t\n\t\t<\/p>\n\t<\/li>\n<\/ul><!-- #bbp-forum-2018 -->\n\n\t\t\n\t\t\t\n<ul id=\"bbp-forum-1623\" class=\"loop-item-1 bbp-forum-status-open bbp-forum-visibility-publish even  post-1623 forum type-forum status-publish hentry\">\n\t<li class=\"bbp-forum-info\">\n\n\t\t\n\t\t\n\t\t<a class=\"bbp-forum-title\" href=\"http:\/\/skunck.se\/?forum=skunck\">skunck<\/a>\n\n\t\t\n\t\t\n\t\t<div class=\"bbp-forum-content\"><a href=\"http:\/\/skunck.dyndns.org\/wp-content\/uploads\/2017\/01\/skunck.gif\"><img loading=\"lazy\" decoding=\"async\" width=\"100\" height=\"100\" class=\"alignnone wp-image-1666\" src=\"http:\/\/skunck.dyndns.org\/wp-content\/uploads\/2017\/01\/skunck-150x150.gif\" srcset=\"http:\/\/skunck.se\/wp-content\/uploads\/2017\/01\/skunck-150x150.gif 150w, http:\/\/skunck.se\/wp-content\/uploads\/2017\/01\/skunck-300x300.gif 300w\" sizes=\"auto, (max-width: 100px) 100vw, 100px\" \/><\/a><\/div>\n\n\t\t\n\t\t\n\t\t\n\t\t\n\t\t\n\t<\/li>\n\n\t<li class=\"bbp-forum-topic-count\">1<\/li>\n\n\t<li class=\"bbp-forum-reply-count\">1<\/li>\n\n\t<li class=\"bbp-forum-freshness\">\n\n\t\t\n\t\t<a href=\"http:\/\/skunck.se\/?topic=contribute-to-the-content-on-this-page\" title=\"Contribute to the content on this page?\">f\u00f6r 9 \u00e5r, 3 m\u00e5nader sedan<\/a>\n\t\t\n\t\t<p class=\"bbp-topic-meta\">\n\n\t\t\t\n\t\t\t<span class=\"bbp-topic-freshness-author\"><a href=\"http:\/\/skunck.se\/?bbp_user=23\" title=\"Visa profil f\u00f6r las\" class=\"bbp-author-link\"><span  class=\"bbp-author-avatar\"><img data-del=\"avatar\" src='http:\/\/skunck.se\/wp-content\/uploads\/2017\/01\/Lasse-150x150.jpg' class='avatar pp-user-avatar avatar-14 photo ' height='14' width='14'\/><\/span><span  class=\"bbp-author-name\">las<\/span><\/a><\/span>\n\n\t\t\t\n\t\t<\/p>\n\t<\/li>\n<\/ul><!-- #bbp-forum-1623 -->\n\n\t\t\n\t\t\t\n<ul id=\"bbp-forum-1638\" class=\"loop-item-2 bbp-forum-status-open bbp-forum-visibility-publish odd  post-1638 forum type-forum status-publish hentry\">\n\t<li class=\"bbp-forum-info\">\n\n\t\t\n\t\t\n\t\t<a class=\"bbp-forum-title\" href=\"http:\/\/skunck.se\/?forum=quake-live\">Quake Live<\/a>\n\n\t\t\n\t\t\n\t\t<div class=\"bbp-forum-content\"><a href=\"http:\/\/skunck.dyndns.org\/wp-content\/uploads\/2017\/01\/Ql_button.png\"><img loading=\"lazy\" decoding=\"async\" width=\"100\" height=\"100\" class=\"alignnone wp-image-1652\" src=\"http:\/\/skunck.dyndns.org\/wp-content\/uploads\/2017\/01\/Ql_button.png\" srcset=\"http:\/\/skunck.se\/wp-content\/uploads\/2017\/01\/Ql_button.png 450w, http:\/\/skunck.se\/wp-content\/uploads\/2017\/01\/Ql_button-150x150.png 150w, http:\/\/skunck.se\/wp-content\/uploads\/2017\/01\/Ql_button-300x300.png 300w\" sizes=\"auto, (max-width: 100px) 100vw, 100px\" \/><\/a><\/div>\n\n\t\t\n\t\t\n\t\t\n\t\t\n\t\t\n\t<\/li>\n\n\t<li class=\"bbp-forum-topic-count\">4<\/li>\n\n\t<li class=\"bbp-forum-reply-count\">34<\/li>\n\n\t<li class=\"bbp-forum-freshness\">\n\n\t\t\n\t\t<a href=\"http:\/\/skunck.se\/?topic=too-quiet-in-here#post-2364\" title=\"Svar till: too quiet in here\">f\u00f6r 8 \u00e5r sedan<\/a>\n\t\t\n\t\t<p class=\"bbp-topic-meta\">\n\n\t\t\t\n\t\t\t<span class=\"bbp-topic-freshness-author\"><a href=\"http:\/\/skunck.se\/?bbp_user=23\" title=\"Visa profil f\u00f6r las\" class=\"bbp-author-link\"><span  class=\"bbp-author-avatar\"><img data-del=\"avatar\" src='http:\/\/skunck.se\/wp-content\/uploads\/2017\/01\/Lasse-150x150.jpg' class='avatar pp-user-avatar avatar-14 photo ' height='14' width='14'\/><\/span><span  class=\"bbp-author-name\">las<\/span><\/a><\/span>\n\n\t\t\t\n\t\t<\/p>\n\t<\/li>\n<\/ul><!-- #bbp-forum-1638 -->\n\n\t\t\n\t\t\t\n<ul id=\"bbp-forum-1640\" class=\"loop-item-3 bbp-forum-status-open bbp-forum-visibility-publish even  post-1640 forum type-forum status-publish hentry\">\n\t<li class=\"bbp-forum-info\">\n\n\t\t\n\t\t\n\t\t<a class=\"bbp-forum-title\" href=\"http:\/\/skunck.se\/?forum=teamspeak3\">TeamSpeak3<\/a>\n\n\t\t\n\t\t\n\t\t<div class=\"bbp-forum-content\"><a href=\"http:\/\/skunck.dyndns.org\/wp-content\/uploads\/2017\/01\/teamspeak_small.png\"><img loading=\"lazy\" decoding=\"async\" width=\"100\" height=\"101\" class=\"alignnone wp-image-1657\" src=\"http:\/\/skunck.dyndns.org\/wp-content\/uploads\/2017\/01\/teamspeak_small.png\" srcset=\"http:\/\/skunck.se\/wp-content\/uploads\/2017\/01\/teamspeak_small.png 356w, http:\/\/skunck.se\/wp-content\/uploads\/2017\/01\/teamspeak_small-150x150.png 150w, http:\/\/skunck.se\/wp-content\/uploads\/2017\/01\/teamspeak_small-297x300.png 297w\" sizes=\"auto, (max-width: 100px) 100vw, 100px\" \/><\/a><\/div>\n\n\t\t\n\t\t\n\t\t\n\t\t\n\t\t\n\t<\/li>\n\n\t<li class=\"bbp-forum-topic-count\">1<\/li>\n\n\t<li class=\"bbp-forum-reply-count\">1<\/li>\n\n\t<li class=\"bbp-forum-freshness\">\n\n\t\t\n\t\t<a href=\"http:\/\/skunck.se\/?topic=download-files\" title=\"Download files\">f\u00f6r 9 \u00e5r, 3 m\u00e5nader sedan<\/a>\n\t\t\n\t\t<p class=\"bbp-topic-meta\">\n\n\t\t\t\n\t\t\t<span class=\"bbp-topic-freshness-author\"><a href=\"http:\/\/skunck.se\/?bbp_user=23\" title=\"Visa profil f\u00f6r las\" class=\"bbp-author-link\"><span  class=\"bbp-author-avatar\"><img data-del=\"avatar\" src='http:\/\/skunck.se\/wp-content\/uploads\/2017\/01\/Lasse-150x150.jpg' class='avatar pp-user-avatar avatar-14 photo ' height='14' width='14'\/><\/span><span  class=\"bbp-author-name\">las<\/span><\/a><\/span>\n\n\t\t\t\n\t\t<\/p>\n\t<\/li>\n<\/ul><!-- #bbp-forum-1640 -->\n\n\t\t\n\t\t\t\n<ul id=\"bbp-forum-1643\" class=\"loop-item-4 bbp-forum-status-open bbp-forum-visibility-publish odd  post-1643 forum type-forum status-publish hentry\">\n\t<li class=\"bbp-forum-info\">\n\n\t\t\n\t\t\n\t\t<a class=\"bbp-forum-title\" href=\"http:\/\/skunck.se\/?forum=ovrigt\">\u00d6vrigt<\/a>\n\n\t\t\n\t\t\n\t\t<div class=\"bbp-forum-content\"><a href=\"http:\/\/skunck.dyndns.org\/wp-content\/uploads\/2017\/01\/ovrigt.jpg\"><img loading=\"lazy\" decoding=\"async\" width=\"100\" height=\"67\" class=\"alignnone wp-image-1662\" src=\"http:\/\/skunck.dyndns.org\/wp-content\/uploads\/2017\/01\/ovrigt.jpg\" srcset=\"http:\/\/skunck.se\/wp-content\/uploads\/2017\/01\/ovrigt.jpg 1024w, http:\/\/skunck.se\/wp-content\/uploads\/2017\/01\/ovrigt-300x200.jpg 300w, http:\/\/skunck.se\/wp-content\/uploads\/2017\/01\/ovrigt-768x511.jpg 768w, http:\/\/skunck.se\/wp-content\/uploads\/2017\/01\/ovrigt-800x532.jpg 800w\" sizes=\"auto, (max-width: 100px) 100vw, 100px\" \/><\/a><\/div>\n\n\t\t\n\t\t\n\t\t\n\t\t\n\t\t\n\t<\/li>\n\n\t<li class=\"bbp-forum-topic-count\">2<\/li>\n\n\t<li class=\"bbp-forum-reply-count\">3<\/li>\n\n\t<li class=\"bbp-forum-freshness\">\n\n\t\t\n\t\t<a href=\"http:\/\/skunck.se\/?topic=quake-2#post-2568\" title=\"Svar till: Quake 2 ?\">f\u00f6r 7 \u00e5r, 2 m\u00e5nader sedan<\/a>\n\t\t\n\t\t<p class=\"bbp-topic-meta\">\n\n\t\t\t\n\t\t\t<span class=\"bbp-topic-freshness-author\"><a href=\"http:\/\/skunck.se\/?bbp_user=1207\" title=\"Visa profil f\u00f6r Gandalf4i\" class=\"bbp-author-link\"><span  class=\"bbp-author-avatar\"><img data-del=\"avatar\" src='http:\/\/skunck.se\/wp-content\/uploads\/2018\/11\/W0000t-05.gif' class='avatar pp-user-avatar avatar-14 photo ' height='14' width='14'\/><\/span><span  class=\"bbp-author-name\">Gandalf4i<\/span><\/a><\/span>\n\n\t\t\t\n\t\t<\/p>\n\t<\/li>\n<\/ul><!-- #bbp-forum-1643 -->\n\n\t\t\n\t<\/li><!-- .bbp-body -->\n\n\t<li class=\"bbp-footer\">\n\n\t\t<div class=\"tr\">\n\t\t\t<p class=\"td colspan4\">&nbsp;<\/p>\n\t\t<\/div><!-- .tr -->\n\n\t<\/li><!-- .bbp-footer -->\n\n<\/ul><!-- .forums-directory -->\n\n\n\t\n\t\n<\/div>\n\n<p>&nbsp;<\/p>\n","protected":false},"excerpt":{"rendered":"<p>&nbsp;<\/p>\n","protected":false},"author":1,"featured_media":0,"parent":0,"menu_order":0,"comment_status":"closed","ping_status":"closed","template":"full-width-page.php","meta":{"_bbp_topic_count":0,"_bbp_reply_count":0,"_bbp_total_topic_count":0,"_bbp_total_reply_count":0,"_bbp_voice_count":0,"_bbp_anonymous_reply_count":0,"_bbp_topic_count_hidden":0,"_bbp_reply_count_hidden":0,"_bbp_forum_subforum_count":0,"ngg_post_thumbnail":0,"footnotes":""},"class_list":["post-1635","page","type-page","status-publish","hentry"],"_links":{"self":[{"href":"http:\/\/skunck.se\/index.php?rest_route=\/wp\/v2\/pages\/1635","targetHints":{"allow":["GET"]}}],"collection":[{"href":"http:\/\/skunck.se\/index.php?rest_route=\/wp\/v2\/pages"}],"about":[{"href":"http:\/\/skunck.se\/index.php?rest_route=\/wp\/v2\/types\/page"}],"author":[{"embeddable":true,"href":"http:\/\/skunck.se\/index.php?rest_route=\/wp\/v2\/users\/1"}],"replies":[{"embeddable":true,"href":"http:\/\/skunck.se\/index.php?rest_route=%2Fwp%2Fv2%2Fcomments&post=1635"}],"version-history":[{"count":2,"href":"http:\/\/skunck.se\/index.php?rest_route=\/wp\/v2\/pages\/1635\/revisions"}],"predecessor-version":[{"id":1637,"href":"http:\/\/skunck.se\/index.php?rest_route=\/wp\/v2\/pages\/1635\/revisions\/1637"}],"wp:attachment":[{"href":"http:\/\/skunck.se\/index.php?rest_route=%2Fwp%2Fv2%2Fmedia&parent=1635"}],"curies":[{"name":"wp","href":"https:\/\/api.w.org\/{rel}","templated":true}]}}